{"id":198178,"date":"2020-10-04T21:27:12","date_gmt":"2020-10-05T02:27:12","guid":{"rendered":"http:\/\/corpoguajira.gov.co\/wp\/?page_id=198178"},"modified":"2021-04-18T16:44:21","modified_gmt":"2021-04-18T21:44:21","slug":"politicas-y-lineamientos-del-sector","status":"publish","type":"page","link":"https:\/\/corpoguajira.gov.co\/wp\/politicas-y-lineamientos-del-sector\/","title":{"rendered":"POL\u00cdTICAS Y LINEAMIENTOS DEL SECTOR"},"content":{"rendered":"<p>&nbsp;<\/p>\n<table>\n<tbody>\n<tr>\n<td style=\"text-align: center;\" colspan=\"2\" width=\"599\"><b>TITULO<\/b><\/td>\n<\/tr>\n<tr>\n<td width=\"599\"><a href=\"https:\/\/corpoguajira.gov.co\/wp\/wp-content\/uploads\/2021\/04\/POL\u00cdTICA-DE-ADMINISTRACI\u00d3N-DE-RIESGOS-CORPOGUAJIRA.pdf\">POL\u00cdTICA DE ADMINISTRACI\u00d3N DE RIESGOS CORPOGUAJIRA<\/a><\/td>\n<\/tr>\n<tr>\n<td width=\"599\"><a href=\"https:\/\/corpoguajira.gov.co\/wp\/wp-content\/uploads\/2021\/04\/POL\u00cdTICA-DE-BOSQUES.pdf\">POL\u00cdTICA DE BOSQUES<\/a><\/td>\n<\/tr>\n<tr>\n<td width=\"599\"><a href=\"https:\/\/corpoguajira.gov.co\/wp\/wp-content\/uploads\/2021\/04\/POL\u00cdTICA-DE-GESTI\u00d3N-DEL-TALENTO-HUMANO-CORPOGUAJIRA.pdf\">POL\u00cdTICA DE GESTI\u00d3N DEL TALENTO HUMANO CORPOGUAJIRA<\/a><\/td>\n<\/tr>\n<tr>\n<td width=\"599\"><a href=\"https:\/\/corpoguajira.gov.co\/wp\/wp-content\/uploads\/2021\/04\/POLITICA-DE-GESTION-DOCUMENTAL-RESOLUCI\u00d3N-No.-0245-DE-2017.pdf\">POLITICA DE GESTION DOCUMENTAL- RESOLUCI\u00d3N No. 0245 DE 2017<\/a><\/td>\n<\/tr>\n<tr>\n<td width=\"599\"><a href=\"https:\/\/corpoguajira.gov.co\/wp\/wp-content\/uploads\/2021\/04\/POLITICA-DE-PREVENCI\u00d3N-DEL-ACOSO-LABORAL-Y-SEXUAL.pdf\">POLITICA DE PREVENCI\u00d3N DEL ACOSO LABORAL Y SEXUAL<\/a><\/td>\n<\/tr>\n<tr>\n<td width=\"599\"><a href=\"https:\/\/corpoguajira.gov.co\/wp\/wp-content\/uploads\/2021\/04\/POL\u00cdTICA-DE-PREVENCI\u00d3N-Y-CONTROL-DE-LA-CONTAMINACI\u00d3N-DEL-AIRE.pdf\">POL\u00cdTICA DE PREVENCI\u00d3N Y CONTROL DE LA CONTAMINACI\u00d3N DEL AIRE<\/a><\/td>\n<\/tr>\n<tr>\n<td width=\"599\"><a href=\"https:\/\/corpoguajira.gov.co\/wp\/wp-content\/uploads\/2021\/04\/POL\u00cdTICA-INSTITUCIONAL-DE-ATENCI\u00d3N-Y-SERVICIO-AL-CIUDADANO-CORPOGUAJIRA.pdf\">POL\u00cdTICA INSTITUCIONAL DE ATENCI\u00d3N Y SERVICIO AL CIUDADANO CORPOGUAJIRA<\/a><\/td>\n<\/tr>\n<tr>\n<td width=\"599\"><a href=\"https:\/\/corpoguajira.gov.co\/wp\/wp-content\/uploads\/2021\/04\/POL\u00cdTICA-NACIONAL-DE-CAMBIO-CLIM\u00c1TICO.pdf\">POL\u00cdTICA NACIONAL DE CAMBIO CLIM\u00c1TICO<\/a><\/td>\n<\/tr>\n<tr>\n<td width=\"599\"><a href=\"https:\/\/corpoguajira.gov.co\/wp\/wp-content\/uploads\/2021\/04\/POL\u00cdTICA-NACIONAL-DE-GESTI\u00d3N-AMBIENTAL-URBANA.pdf\">POL\u00cdTICA NACIONAL DE GESTI\u00d3N AMBIENTAL URBANA<\/a><\/td>\n<\/tr>\n<tr>\n<td width=\"599\"><a href=\"https:\/\/corpoguajira.gov.co\/wp\/wp-content\/uploads\/2021\/04\/POL\u00cdTICA-NACIONAL-DE-GESTI\u00d3N-DEL-RIESGO-DE-DESASTRES.pdf\">POL\u00cdTICA NACIONAL DE GESTI\u00d3N DEL RIESGO DE DESASTRES<\/a><\/td>\n<\/tr>\n<tr>\n<td width=\"599\"><a href=\"https:\/\/corpoguajira.gov.co\/wp\/wp-content\/uploads\/2021\/04\/POL\u00cdTICA-NACIONAL-DE-LA-BIODIVERSIDAD.pdf\">POL\u00cdTICA NACIONAL DE LA BIODIVERSIDAD<\/a><\/td>\n<\/tr>\n<tr>\n<td width=\"599\"><a href=\"https:\/\/corpoguajira.gov.co\/wp\/wp-content\/uploads\/2021\/04\/POL\u00cdTICA-NACIONAL-DE-OCEANOS-Y-ESPACIOS-COSTEROS.pdf\">POL\u00cdTICA NACIONAL DE OCEANOS Y ESPACIOS COSTEROS<\/a><\/td>\n<\/tr>\n<tr>\n<td width=\"599\"><a href=\"https:\/\/corpoguajira.gov.co\/wp\/wp-content\/uploads\/2021\/04\/POL\u00cdTICA-NACIONAL-DE-PRODUCCI\u00d3N-MAS-LIMPIA.pdf\">POL\u00cdTICA NACIONAL DE PRODUCCI\u00d3N MAS LIMPIA<\/a><\/td>\n<\/tr>\n<tr>\n<td width=\"599\"><a href=\"https:\/\/corpoguajira.gov.co\/wp\/wp-content\/uploads\/2021\/04\/POL\u00cdTICA-NACIONAL-DE-PRODUCCI\u00d3N-Y-CONSUMO-SOSTENIBLE.pdf\">POL\u00cdTICA NACIONAL DE PRODUCCI\u00d3N Y CONSUMO SOSTENIBLE<\/a><\/td>\n<\/tr>\n<tr>\n<td width=\"599\"><a href=\"https:\/\/corpoguajira.gov.co\/wp\/wp-content\/uploads\/2021\/04\/POL\u00cdTICA-NACIONAL-DE-ZONAS-COSTERAS.pdf\">POL\u00cdTICA NACIONAL DE ZONAS COSTERAS<\/a><\/td>\n<\/tr>\n<tr>\n<td width=\"599\"><a href=\"https:\/\/corpoguajira.gov.co\/wp\/wp-content\/uploads\/2021\/04\/POL\u00cdTICA-NACIONAL-PARA-H\u00daMEDALES-INTERIORES-DE-COLOMBIA.pdf\">POL\u00cdTICA NACIONAL PARA H\u00daMEDALES INTERIORES DE COLOMBIA<\/a><\/td>\n<\/tr>\n<tr>\n<td width=\"599\"><a href=\"https:\/\/corpoguajira.gov.co\/wp\/wp-content\/uploads\/2021\/04\/POL\u00cdTICA-NACIONAL-PARA-LA-GESTI\u00d3N-INTEGRAL-DEL-RECURSO-H\u00cdDRICO.pdf\">POL\u00cdTICA NACIONAL PARA LA GESTI\u00d3N INTEGRAL DEL RECURSO H\u00cdDRICO<\/a><\/td>\n<\/tr>\n<tr>\n<td width=\"599\"><a href=\"https:\/\/corpoguajira.gov.co\/wp\/wp-content\/uploads\/2021\/04\/POL\u00cdTICA-INTEGRAL.pdf\">POL\u00cdTICA INTEGRAL<\/a><\/td>\n<\/tr>\n<tr>\n<td width=\"599\"><a href=\"https:\/\/corpoguajira.gov.co\/wp\/wp-content\/uploads\/2021\/04\/Resoluci\u00f3n-0284-de-2019-Direccionamiento-Estrat\u00e9gico.pdf\">RESOLUCI\u00d3N No. 0284 de 2019 DIRECCIONAMIENTO ESTRATEGIGO<\/a><\/td>\n<\/tr>\n<tr>\n<td width=\"599\"><a href=\"https:\/\/corpoguajira.gov.co\/wp\/wp-content\/uploads\/2021\/04\/Resoluci\u00f3n-2147-de-2019-por-medio-de-la-cual-se-adopta-la-Gu\u00eda-para-compras-sostenibles.pdf\">RESOLUCI\u00d3N No. 2147 DE 2019 POR MEDIO DE LA CUAL SE ADOPTA LA GUIA PARA COMPRAS SOSTENIBLES<\/a><\/td>\n<\/tr>\n<tr>\n<td width=\"599\"><a href=\"https:\/\/corpoguajira.gov.co\/wp\/wp-content\/uploads\/2021\/04\/Resolucion-02392-de-2018-Adopci\u00f3n-SGA-Corpoguajira.pdf\">RESOLUCI\u00d3N No. 02392 DE 2018 ADOPCION SGA CORPOGUAJIRA<\/a><\/td>\n<\/tr>\n<tr>\n<td width=\"599\"><a href=\"https:\/\/corpoguajira.gov.co\/wp\/wp-content\/uploads\/2021\/04\/RESOLUCI\u00d3N-PIGA-2020.pdf\">RESOLUCI\u00d3N PIGA 2020<\/a><\/td>\n<\/tr>\n<tr>\n<td width=\"599\"><a href=\"https:\/\/corpoguajira.gov.co\/wp\/wp-content\/uploads\/2021\/04\/Resoluci\u00f3n-0675-de-2020-adopci\u00f3n-PAAC.pdf\">RESOLUCI\u00d3N No. 0675 DE 2020 ADOPCION PAAC<\/a><\/td>\n<\/tr>\n<\/tbody>\n<\/table>\n","protected":false},"excerpt":{"rendered":"<p>&nbsp; TITULO POL\u00cdTICA DE ADMINISTRACI\u00d3N DE RIESGOS CORPOGUAJIRA POL\u00cdTICA DE BOSQUES POL\u00cdTICA DE GESTI\u00d3N DEL TALENTO HUMANO CORPOGUAJIRA POLITICA DE GESTION DOCUMENTAL- RESOLUCI\u00d3N No. 0245 DE 2017 POLITICA DE PREVENCI\u00d3N [&hellip;]<\/p>\n","protected":false},"author":2,"featured_media":0,"parent":0,"menu_order":0,"comment_status":"closed","ping_status":"closed","template":"","meta":[],"yoast_head":"<!-- This site is optimized with the Yoast SEO plugin v18.5.1 - https:\/\/yoast.com\/wordpress\/plugins\/seo\/ -->\n<title>POL\u00cdTICAS Y LINEAMIENTOS DEL SECTOR | Corpoguajira<\/title>\n<meta name=\"robots\" content=\"index, follow, max-snippet:-1, max-image-preview:large, max-video-preview:-1\" \/>\n<link rel=\"canonical\" href=\"https:\/\/corpoguajira.gov.co\/wp\/politicas-y-lineamientos-del-sector\/\" \/>\n<meta property=\"og:locale\" content=\"es_ES\" \/>\n<meta property=\"og:type\" content=\"article\" \/>\n<meta property=\"og:title\" content=\"POL\u00cdTICAS Y LINEAMIENTOS DEL SECTOR | Corpoguajira\" \/>\n<meta property=\"og:description\" content=\"&nbsp; TITULO POL\u00cdTICA DE ADMINISTRACI\u00d3N DE RIESGOS CORPOGUAJIRA POL\u00cdTICA DE BOSQUES POL\u00cdTICA DE GESTI\u00d3N DEL TALENTO HUMANO CORPOGUAJIRA POLITICA DE GESTION DOCUMENTAL- RESOLUCI\u00d3N No. 0245 DE 2017 POLITICA DE PREVENCI\u00d3N [&hellip;]\" \/>\n<meta property=\"og:url\" content=\"https:\/\/corpoguajira.gov.co\/wp\/politicas-y-lineamientos-del-sector\/\" \/>\n<meta property=\"og:site_name\" content=\"Corporaci\u00f3n Aut\u00f3noma Regional de La Guajira\" \/>\n<meta property=\"article:modified_time\" content=\"2021-04-18T21:44:21+00:00\" \/>\n<meta name=\"twitter:label1\" content=\"Tiempo de lectura\" \/>\n\t<meta name=\"twitter:data1\" content=\"1 minuto\" \/>\n<script type=\"application\/ld+json\" class=\"yoast-schema-graph\">{\"@context\":\"https:\/\/schema.org\",\"@graph\":[{\"@type\":\"WebSite\",\"@id\":\"https:\/\/corpoguajira.gov.co\/wp\/#website\",\"url\":\"https:\/\/corpoguajira.gov.co\/wp\/\",\"name\":\"Corporaci\u00f3n Aut\u00f3noma Regional de La Guajira\",\"description\":\"La Sostenibilidad Ambiental, un Compromiso de Todos\",\"potentialAction\":[{\"@type\":\"SearchAction\",\"target\":{\"@type\":\"EntryPoint\",\"urlTemplate\":\"https:\/\/corpoguajira.gov.co\/wp\/?s={search_term_string}\"},\"query-input\":\"required name=search_term_string\"}],\"inLanguage\":\"es\"},{\"@type\":\"WebPage\",\"@id\":\"https:\/\/corpoguajira.gov.co\/wp\/politicas-y-lineamientos-del-sector\/#webpage\",\"url\":\"https:\/\/corpoguajira.gov.co\/wp\/politicas-y-lineamientos-del-sector\/\",\"name\":\"POL\u00cdTICAS Y LINEAMIENTOS DEL SECTOR | Corpoguajira\",\"isPartOf\":{\"@id\":\"https:\/\/corpoguajira.gov.co\/wp\/#website\"},\"datePublished\":\"2020-10-05T02:27:12+00:00\",\"dateModified\":\"2021-04-18T21:44:21+00:00\",\"breadcrumb\":{\"@id\":\"https:\/\/corpoguajira.gov.co\/wp\/politicas-y-lineamientos-del-sector\/#breadcrumb\"},\"inLanguage\":\"es\",\"potentialAction\":[{\"@type\":\"ReadAction\",\"target\":[\"https:\/\/corpoguajira.gov.co\/wp\/politicas-y-lineamientos-del-sector\/\"]}]},{\"@type\":\"BreadcrumbList\",\"@id\":\"https:\/\/corpoguajira.gov.co\/wp\/politicas-y-lineamientos-del-sector\/#breadcrumb\",\"itemListElement\":[{\"@type\":\"ListItem\",\"position\":1,\"name\":\"Corpoguajira\",\"item\":\"https:\/\/corpoguajira.gov.co\/wp\/\"},{\"@type\":\"ListItem\",\"position\":2,\"name\":\"POL\u00cdTICAS Y LINEAMIENTOS DEL SECTOR\"}]}]}<\/script>\n<!-- \/ Yoast SEO plugin. -->","yoast_head_json":{"title":"POL\u00cdTICAS Y LINEAMIENTOS DEL SECTOR | Corpoguajira","robots":{"index":"index","follow":"follow","max-snippet":"max-snippet:-1","max-image-preview":"max-image-preview:large","max-video-preview":"max-video-preview:-1"},"canonical":"https:\/\/corpoguajira.gov.co\/wp\/politicas-y-lineamientos-del-sector\/","og_locale":"es_ES","og_type":"article","og_title":"POL\u00cdTICAS Y LINEAMIENTOS DEL SECTOR | Corpoguajira","og_description":"&nbsp; TITULO POL\u00cdTICA DE ADMINISTRACI\u00d3N DE RIESGOS CORPOGUAJIRA POL\u00cdTICA DE BOSQUES POL\u00cdTICA DE GESTI\u00d3N DEL TALENTO HUMANO CORPOGUAJIRA POLITICA DE GESTION DOCUMENTAL- RESOLUCI\u00d3N No. 0245 DE 2017 POLITICA DE PREVENCI\u00d3N [&hellip;]","og_url":"https:\/\/corpoguajira.gov.co\/wp\/politicas-y-lineamientos-del-sector\/","og_site_name":"Corporaci\u00f3n Aut\u00f3noma Regional de La Guajira","article_modified_time":"2021-04-18T21:44:21+00:00","twitter_misc":{"Tiempo de lectura":"1 minuto"},"schema":{"@context":"https:\/\/schema.org","@graph":[{"@type":"WebSite","@id":"https:\/\/corpoguajira.gov.co\/wp\/#website","url":"https:\/\/corpoguajira.gov.co\/wp\/","name":"Corporaci\u00f3n Aut\u00f3noma Regional de La Guajira","description":"La Sostenibilidad Ambiental, un Compromiso de Todos","potentialAction":[{"@type":"SearchAction","target":{"@type":"EntryPoint","urlTemplate":"https:\/\/corpoguajira.gov.co\/wp\/?s={search_term_string}"},"query-input":"required name=search_term_string"}],"inLanguage":"es"},{"@type":"WebPage","@id":"https:\/\/corpoguajira.gov.co\/wp\/politicas-y-lineamientos-del-sector\/#webpage","url":"https:\/\/corpoguajira.gov.co\/wp\/politicas-y-lineamientos-del-sector\/","name":"POL\u00cdTICAS Y LINEAMIENTOS DEL SECTOR | Corpoguajira","isPartOf":{"@id":"https:\/\/corpoguajira.gov.co\/wp\/#website"},"datePublished":"2020-10-05T02:27:12+00:00","dateModified":"2021-04-18T21:44:21+00:00","breadcrumb":{"@id":"https:\/\/corpoguajira.gov.co\/wp\/politicas-y-lineamientos-del-sector\/#breadcrumb"},"inLanguage":"es","potentialAction":[{"@type":"ReadAction","target":["https:\/\/corpoguajira.gov.co\/wp\/politicas-y-lineamientos-del-sector\/"]}]},{"@type":"BreadcrumbList","@id":"https:\/\/corpoguajira.gov.co\/wp\/politicas-y-lineamientos-del-sector\/#breadcrumb","itemListElement":[{"@type":"ListItem","position":1,"name":"Corpoguajira","item":"https:\/\/corpoguajira.gov.co\/wp\/"},{"@type":"ListItem","position":2,"name":"POL\u00cdTICAS Y LINEAMIENTOS DEL SECTOR"}]}]}},"_links":{"self":[{"href":"https:\/\/corpoguajira.gov.co\/wp\/wp-json\/wp\/v2\/pages\/198178"}],"collection":[{"href":"https:\/\/corpoguajira.gov.co\/wp\/wp-json\/wp\/v2\/pages"}],"about":[{"href":"https:\/\/corpoguajira.gov.co\/wp\/wp-json\/wp\/v2\/types\/page"}],"author":[{"embeddable":true,"href":"https:\/\/corpoguajira.gov.co\/wp\/wp-json\/wp\/v2\/users\/2"}],"replies":[{"embeddable":true,"href":"https:\/\/corpoguajira.gov.co\/wp\/wp-json\/wp\/v2\/comments?post=198178"}],"version-history":[{"count":3,"href":"https:\/\/corpoguajira.gov.co\/wp\/wp-json\/wp\/v2\/pages\/198178\/revisions"}],"predecessor-version":[{"id":199975,"href":"https:\/\/corpoguajira.gov.co\/wp\/wp-json\/wp\/v2\/pages\/198178\/revisions\/199975"}],"wp:attachment":[{"href":"https:\/\/corpoguajira.gov.co\/wp\/wp-json\/wp\/v2\/media?parent=198178"}],"curies":[{"name":"wp","href":"https:\/\/api.w.org\/{rel}","templated":true}]}}