{"id":198341,"date":"2019-08-28T11:06:19","date_gmt":"2019-08-28T16:06:19","guid":{"rendered":"http:\/\/corpoguajira.gov.co\/wp\/?page_id=198341"},"modified":"2022-10-19T11:47:24","modified_gmt":"2022-10-19T16:47:24","slug":"mecanismos-de-atencion-al-ciudadano-2","status":"publish","type":"page","link":"https:\/\/corpoguajira.gov.co\/wp\/mecanismos-de-atencion-al-ciudadano-2\/","title":{"rendered":"MECANISMOS DE ATENCI\u00d3N AL CIUDADANO"},"content":{"rendered":"<p>Para la atenci\u00f3n al ciudadano se han dispuesto unas herramientas que permiten la comunicaci\u00f3n en\u00a0doble v\u00eda entre la entidad y sus clientes; estas herramientas se constituyen en un elemento esencial\u00a0y de vital importancia exigidos por las disposiciones estatales como son la Ley 1474 de 2011 y Ley\u00a01712 de 2014, Decreto 103 de 2015, Decreto 1081 de 2015 y Acuerdo de Buen Gobierno de las\u00a0entidades adscritas al Sistema Nacional Ambiental \u2013 SINA.<\/p>\n<p>Estos mecanismos son los siguientes:<\/p>\n<p>&nbsp;<\/p>\n<table>\n<tbody>\n<tr>\n<td width=\"182\">\n<h4 style=\"text-align: center;\"><strong>MECANISMO<\/strong><\/h4>\n<\/td>\n<td style=\"text-align: center;\" width=\"189\">\n<h4><strong>DESCRIPCI\u00d3N<\/strong><\/h4>\n<\/td>\n<td width=\"238\">\n<h4 style=\"text-align: center;\"><strong>UBICACI\u00d3N<\/strong><\/h4>\n<\/td>\n<\/tr>\n<tr>\n<td width=\"182\">&nbsp;<\/p>\n<p>&nbsp;<\/p>\n<p>&nbsp;<\/p>\n<p><strong>Atenci\u00f3n Presencial<\/strong><\/td>\n<td width=\"189\">Se tienen establecidas 3 sedes donde la ciudadan\u00eda puede acudir para recibir atenci\u00f3n y obtener respuesta a sus necesidades, de acuerdo con las funciones y competencias de la Corporaci\u00f3n.<\/td>\n<td width=\"238\">Sede Principal: Carrera 7 No. 12 \u2013 15 en Riohacha \u2013 La Guajira.<\/p>\n<p>&nbsp;<\/p>\n<p>Sede Territorial Sur: V\u00eda nacional, salida Fonseca \u2013 Barrancas (diagonal a la sede de la Postob\u00f3n).<\/p>\n<p>&nbsp;<\/p>\n<p>Laboratorio Ambiental: Calle 15 No. 11 \u2013 12, frente a la terminal de transportes de la ciudad de Riohacha.<\/p>\n<p>&nbsp;<\/p>\n<p>Los horarios de atenci\u00f3n en todas las sedes son:<\/p>\n<p>Lunes a Viernes de 8:00 am \u2013 11:30 am.<\/p>\n<p>&nbsp;<\/td>\n<\/tr>\n<tr>\n<td rowspan=\"4\" width=\"182\">&nbsp;<\/p>\n<p>&nbsp;<\/p>\n<p>&nbsp;<\/p>\n<p><strong>Atenci\u00f3n Telef\u00f3nica<\/strong><\/td>\n<td rowspan=\"4\" width=\"189\">&nbsp;<\/p>\n<p>&nbsp;<\/p>\n<p>Se encuentran disponibles l\u00edneas de telef\u00f3nica fija para la atenci\u00f3n al ciudadano en las distintas sedes de la Corporaci\u00f3n<\/td>\n<td width=\"238\">L\u00ednea telef\u00f3nica fija en Riohacha \u2013 La Guajira (L\u00edneas 7275125, 7274647, 7283518 ext. 101,<\/p>\n<p>141, 173 \u2013 419 y 7285052 para Laboratorio Ambiental)<\/td>\n<\/tr>\n<tr>\n<td width=\"238\">L\u00ednea telef\u00f3nica fija 7756500 en la Sede Territorial Sur en Fonseca \u2013 La Guajira<\/td>\n<\/tr>\n<tr>\n<td width=\"238\">L\u00ednea Gratuita Nacional de Telefon\u00eda Fija<\/p>\n<p>01 8000 954321<\/td>\n<\/tr>\n<tr>\n<td width=\"238\"><\/td>\n<\/tr>\n<tr>\n<td rowspan=\"3\" width=\"182\">&nbsp;<\/p>\n<p><strong>L\u00edneas Verdes<\/strong><\/td>\n<td rowspan=\"3\" width=\"189\">Se han dispuesto 3 l\u00edneas m\u00f3viles las 24 horas para la recepci\u00f3n de quejas y denuncias por presuntas afectaciones al ambiente.<\/td>\n<td width=\"238\">L\u00ednea 311 6353704<\/td>\n<\/tr>\n<tr>\n<td width=\"238\">L\u00ednea 311 6865392<\/td>\n<\/tr>\n<tr>\n<td width=\"238\">L\u00ednea 318 5858383<\/td>\n<\/tr>\n<tr>\n<td rowspan=\"4\" width=\"182\">&nbsp;<\/p>\n<p>&nbsp;<\/p>\n<p><strong>Atenci\u00f3n Virtual y Electr\u00f3nica<\/strong><\/td>\n<td width=\"189\">\u00a0\u00a0 P\u00e1gina Web Institucional<\/td>\n<td width=\"238\"><a href=\"http:\/\/www.corpoguajira.gov.co\">www.corpoguajira.gov.co<\/a><\/td>\n<\/tr>\n<tr>\n<td width=\"189\">\u00a0\u00a0 Correo Electr\u00f3nico Corporativo<\/td>\n<td width=\"238\"><a href=\"mailto:servicioalcliente@corpoguajira.gov.co\">servicioalcliente@corpoguajira.gov.co<\/a><\/td>\n<\/tr>\n<tr>\n<td width=\"189\">\u00a0\u00a0 Enlace para PQRSD<\/td>\n<td width=\"238\"><a href=\"https:\/\/bit.ly\/3RJw3mz\">https:\/\/bit.ly\/3RJw3mz\u00a0<\/a><\/td>\n<\/tr>\n<tr>\n<td width=\"189\">\u00a0\u00a0 Redes Sociales Corporativas<\/td>\n<td width=\"238\">@Corpoguajira en Facebook, Twitter e Instagram<\/td>\n<\/tr>\n<tr>\n<td width=\"182\">&nbsp;<\/p>\n<p><strong>Buz\u00f3n de Sugerencias<\/strong><\/td>\n<td width=\"189\">Dispuesto en la recepci\u00f3n d\u00e9cada sede de la Corporaci\u00f3n para ser utilizado en los horarios de atenci\u00f3n al p\u00fablico.<\/td>\n<td width=\"238\">Sede Principal: Carrera 7 No. 12 \u2013 15 (Riohacha \u2013 La Guajira)<\/p>\n<p>Sede Territorial: Carretera Nacional, Salida a Barrancas (Fonseca \u2013 La Guajira)<\/td>\n<\/tr>\n<\/tbody>\n<\/table>\n<h6><\/h6>\n<p>&nbsp;<\/p>\n<h6><\/h6>\n<h6><em>Actualizado 01-11-2021<\/em><\/h6>\n","protected":false},"excerpt":{"rendered":"<p>Para la atenci\u00f3n al ciudadano se han dispuesto unas herramientas que permiten la comunicaci\u00f3n en\u00a0doble v\u00eda entre la entidad y sus clientes; estas herramientas se constituyen en un elemento esencial\u00a0y [&hellip;]<\/p>\n","protected":false},"author":2,"featured_media":0,"parent":0,"menu_order":0,"comment_status":"closed","ping_status":"closed","template":"","meta":[],"yoast_head":"<!-- This site is optimized with the Yoast SEO plugin v18.5.1 - https:\/\/yoast.com\/wordpress\/plugins\/seo\/ -->\n<title>MECANISMOS DE ATENCI\u00d3N AL CIUDADANO | Corpoguajira<\/title>\n<meta name=\"robots\" content=\"index, follow, max-snippet:-1, max-image-preview:large, max-video-preview:-1\" \/>\n<link rel=\"canonical\" href=\"https:\/\/corpoguajira.gov.co\/wp\/mecanismos-de-atencion-al-ciudadano-2\/\" \/>\n<meta property=\"og:locale\" content=\"es_ES\" \/>\n<meta property=\"og:type\" content=\"article\" \/>\n<meta property=\"og:title\" content=\"MECANISMOS DE ATENCI\u00d3N AL CIUDADANO | Corpoguajira\" \/>\n<meta property=\"og:description\" content=\"Para la atenci\u00f3n al ciudadano se han dispuesto unas herramientas que permiten la comunicaci\u00f3n en\u00a0doble v\u00eda entre la entidad y sus clientes; estas herramientas se constituyen en un elemento esencial\u00a0y [&hellip;]\" \/>\n<meta property=\"og:url\" content=\"https:\/\/corpoguajira.gov.co\/wp\/mecanismos-de-atencion-al-ciudadano-2\/\" \/>\n<meta property=\"og:site_name\" content=\"Corporaci\u00f3n Aut\u00f3noma Regional de La Guajira\" \/>\n<meta property=\"article:modified_time\" content=\"2022-10-19T16:47:24+00:00\" \/>\n<meta name=\"twitter:label1\" content=\"Tiempo de lectura\" \/>\n\t<meta name=\"twitter:data1\" content=\"2 minutos\" \/>\n<script type=\"application\/ld+json\" class=\"yoast-schema-graph\">{\"@context\":\"https:\/\/schema.org\",\"@graph\":[{\"@type\":\"WebSite\",\"@id\":\"https:\/\/corpoguajira.gov.co\/wp\/#website\",\"url\":\"https:\/\/corpoguajira.gov.co\/wp\/\",\"name\":\"Corporaci\u00f3n Aut\u00f3noma Regional de La Guajira\",\"description\":\"La Sostenibilidad Ambiental, un Compromiso de Todos\",\"potentialAction\":[{\"@type\":\"SearchAction\",\"target\":{\"@type\":\"EntryPoint\",\"urlTemplate\":\"https:\/\/corpoguajira.gov.co\/wp\/?s={search_term_string}\"},\"query-input\":\"required name=search_term_string\"}],\"inLanguage\":\"es\"},{\"@type\":\"WebPage\",\"@id\":\"https:\/\/corpoguajira.gov.co\/wp\/mecanismos-de-atencion-al-ciudadano-2\/#webpage\",\"url\":\"https:\/\/corpoguajira.gov.co\/wp\/mecanismos-de-atencion-al-ciudadano-2\/\",\"name\":\"MECANISMOS DE ATENCI\u00d3N AL CIUDADANO | Corpoguajira\",\"isPartOf\":{\"@id\":\"https:\/\/corpoguajira.gov.co\/wp\/#website\"},\"datePublished\":\"2019-08-28T16:06:19+00:00\",\"dateModified\":\"2022-10-19T16:47:24+00:00\",\"breadcrumb\":{\"@id\":\"https:\/\/corpoguajira.gov.co\/wp\/mecanismos-de-atencion-al-ciudadano-2\/#breadcrumb\"},\"inLanguage\":\"es\",\"potentialAction\":[{\"@type\":\"ReadAction\",\"target\":[\"https:\/\/corpoguajira.gov.co\/wp\/mecanismos-de-atencion-al-ciudadano-2\/\"]}]},{\"@type\":\"BreadcrumbList\",\"@id\":\"https:\/\/corpoguajira.gov.co\/wp\/mecanismos-de-atencion-al-ciudadano-2\/#breadcrumb\",\"itemListElement\":[{\"@type\":\"ListItem\",\"position\":1,\"name\":\"Corpoguajira\",\"item\":\"https:\/\/corpoguajira.gov.co\/wp\/\"},{\"@type\":\"ListItem\",\"position\":2,\"name\":\"MECANISMOS DE ATENCI\u00d3N AL CIUDADANO\"}]}]}<\/script>\n<!-- \/ Yoast SEO plugin. -->","yoast_head_json":{"title":"MECANISMOS DE ATENCI\u00d3N AL CIUDADANO | Corpoguajira","robots":{"index":"index","follow":"follow","max-snippet":"max-snippet:-1","max-image-preview":"max-image-preview:large","max-video-preview":"max-video-preview:-1"},"canonical":"https:\/\/corpoguajira.gov.co\/wp\/mecanismos-de-atencion-al-ciudadano-2\/","og_locale":"es_ES","og_type":"article","og_title":"MECANISMOS DE ATENCI\u00d3N AL CIUDADANO | Corpoguajira","og_description":"Para la atenci\u00f3n al ciudadano se han dispuesto unas herramientas que permiten la comunicaci\u00f3n en\u00a0doble v\u00eda entre la entidad y sus clientes; estas herramientas se constituyen en un elemento esencial\u00a0y [&hellip;]","og_url":"https:\/\/corpoguajira.gov.co\/wp\/mecanismos-de-atencion-al-ciudadano-2\/","og_site_name":"Corporaci\u00f3n Aut\u00f3noma Regional de La Guajira","article_modified_time":"2022-10-19T16:47:24+00:00","twitter_misc":{"Tiempo de lectura":"2 minutos"},"schema":{"@context":"https:\/\/schema.org","@graph":[{"@type":"WebSite","@id":"https:\/\/corpoguajira.gov.co\/wp\/#website","url":"https:\/\/corpoguajira.gov.co\/wp\/","name":"Corporaci\u00f3n Aut\u00f3noma Regional de La Guajira","description":"La Sostenibilidad Ambiental, un Compromiso de Todos","potentialAction":[{"@type":"SearchAction","target":{"@type":"EntryPoint","urlTemplate":"https:\/\/corpoguajira.gov.co\/wp\/?s={search_term_string}"},"query-input":"required name=search_term_string"}],"inLanguage":"es"},{"@type":"WebPage","@id":"https:\/\/corpoguajira.gov.co\/wp\/mecanismos-de-atencion-al-ciudadano-2\/#webpage","url":"https:\/\/corpoguajira.gov.co\/wp\/mecanismos-de-atencion-al-ciudadano-2\/","name":"MECANISMOS DE ATENCI\u00d3N AL CIUDADANO | Corpoguajira","isPartOf":{"@id":"https:\/\/corpoguajira.gov.co\/wp\/#website"},"datePublished":"2019-08-28T16:06:19+00:00","dateModified":"2022-10-19T16:47:24+00:00","breadcrumb":{"@id":"https:\/\/corpoguajira.gov.co\/wp\/mecanismos-de-atencion-al-ciudadano-2\/#breadcrumb"},"inLanguage":"es","potentialAction":[{"@type":"ReadAction","target":["https:\/\/corpoguajira.gov.co\/wp\/mecanismos-de-atencion-al-ciudadano-2\/"]}]},{"@type":"BreadcrumbList","@id":"https:\/\/corpoguajira.gov.co\/wp\/mecanismos-de-atencion-al-ciudadano-2\/#breadcrumb","itemListElement":[{"@type":"ListItem","position":1,"name":"Corpoguajira","item":"https:\/\/corpoguajira.gov.co\/wp\/"},{"@type":"ListItem","position":2,"name":"MECANISMOS DE ATENCI\u00d3N AL CIUDADANO"}]}]}},"_links":{"self":[{"href":"https:\/\/corpoguajira.gov.co\/wp\/wp-json\/wp\/v2\/pages\/198341"}],"collection":[{"href":"https:\/\/corpoguajira.gov.co\/wp\/wp-json\/wp\/v2\/pages"}],"about":[{"href":"https:\/\/corpoguajira.gov.co\/wp\/wp-json\/wp\/v2\/types\/page"}],"author":[{"embeddable":true,"href":"https:\/\/corpoguajira.gov.co\/wp\/wp-json\/wp\/v2\/users\/2"}],"replies":[{"embeddable":true,"href":"https:\/\/corpoguajira.gov.co\/wp\/wp-json\/wp\/v2\/comments?post=198341"}],"version-history":[{"count":19,"href":"https:\/\/corpoguajira.gov.co\/wp\/wp-json\/wp\/v2\/pages\/198341\/revisions"}],"predecessor-version":[{"id":206463,"href":"https:\/\/corpoguajira.gov.co\/wp\/wp-json\/wp\/v2\/pages\/198341\/revisions\/206463"}],"wp:attachment":[{"href":"https:\/\/corpoguajira.gov.co\/wp\/wp-json\/wp\/v2\/media?parent=198341"}],"curies":[{"name":"wp","href":"https:\/\/api.w.org\/{rel}","templated":true}]}}