{"id":1990,"date":"2014-04-20T19:37:08","date_gmt":"2014-04-20T19:37:08","guid":{"rendered":"http:\/\/corpoguajira.hardwareytecnologias.com\/?page_id=1990"},"modified":"2014-07-24T16:57:17","modified_gmt":"2014-07-24T16:57:17","slug":"chat-en-linea","status":"publish","type":"page","link":"https:\/\/corpoguajira.gov.co\/wp\/chat-en-linea\/","title":{"rendered":"Chat en l\u00ednea"},"content":{"rendered":"<p>Los botones de Skype y los v\u00ednculos de URI de Skype son formas excelentes para que las personas est\u00e9n en contacto con CORPOGUAJIRA\u00a0a trav\u00e9s de Skype, haciendo clic en un bot\u00f3n o un v\u00ednculo que aparece al costado de nuestro sitio\u00a0web.<\/p>\n<p>Para activar esta funci\u00f3n, es necesario que usted tenga Skype instalado en su computadora o tel\u00e9fono inteligente.<\/p>\n<div style=\"width: 100%; background-color: #0094ff; padding: 20px; text-align: center;\"><a title=\"Chatear con Corpoguajira\" href=\"skype:[chat.corpoguajira]?chat \"><img style=\"border: 0;\" src=\"http:\/\/www.skypeassets.com\/i\/scom\/images\/skype-buttons\/chatbutton_trans_32px.png\" alt=\"Skype call\" \/><\/a><\/div>\n","protected":false},"excerpt":{"rendered":"<p>Los botones de Skype y los v\u00ednculos de URI de Skype son formas excelentes para que las personas est\u00e9n en contacto con CORPOGUAJIRA\u00a0a trav\u00e9s de Skype, haciendo clic en un [&hellip;]<\/p>\n","protected":false},"author":2,"featured_media":2928,"parent":0,"menu_order":0,"comment_status":"open","ping_status":"open","template":"","meta":[],"yoast_head":"<!-- This site is optimized with the Yoast SEO plugin v18.5.1 - https:\/\/yoast.com\/wordpress\/plugins\/seo\/ -->\n<title>Chat en l\u00ednea | Corpoguajira<\/title>\n<meta name=\"robots\" content=\"index, follow, max-snippet:-1, max-image-preview:large, max-video-preview:-1\" \/>\n<link rel=\"canonical\" href=\"https:\/\/corpoguajira.gov.co\/wp\/chat-en-linea\/\" \/>\n<meta property=\"og:locale\" content=\"es_ES\" \/>\n<meta property=\"og:type\" content=\"article\" \/>\n<meta property=\"og:title\" content=\"Chat en l\u00ednea | Corpoguajira\" \/>\n<meta property=\"og:description\" content=\"Los botones de Skype y los v\u00ednculos de URI de Skype son formas excelentes para que las personas est\u00e9n en contacto con CORPOGUAJIRA\u00a0a trav\u00e9s de Skype, haciendo clic en un [&hellip;]\" \/>\n<meta property=\"og:url\" content=\"https:\/\/corpoguajira.gov.co\/wp\/chat-en-linea\/\" \/>\n<meta property=\"og:site_name\" content=\"Corporaci\u00f3n Aut\u00f3noma Regional de La Guajira\" \/>\n<meta property=\"article:modified_time\" content=\"2014-07-24T16:57:17+00:00\" \/>\n<meta property=\"og:image\" content=\"https:\/\/www.corpoguajira.gov.co\/wp\/wp-content\/uploads\/2014\/05\/Friendly_Customer_Service.jpg\" \/>\n\t<meta property=\"og:image:width\" content=\"900\" \/>\n\t<meta property=\"og:image:height\" content=\"600\" \/>\n\t<meta property=\"og:image:type\" content=\"image\/jpeg\" \/>\n<script type=\"application\/ld+json\" class=\"yoast-schema-graph\">{\"@context\":\"https:\/\/schema.org\",\"@graph\":[{\"@type\":\"WebSite\",\"@id\":\"https:\/\/corpoguajira.gov.co\/wp\/#website\",\"url\":\"https:\/\/corpoguajira.gov.co\/wp\/\",\"name\":\"Corporaci\u00f3n Aut\u00f3noma Regional de La Guajira\",\"description\":\"La Sostenibilidad Ambiental, un Compromiso de Todos\",\"potentialAction\":[{\"@type\":\"SearchAction\",\"target\":{\"@type\":\"EntryPoint\",\"urlTemplate\":\"https:\/\/corpoguajira.gov.co\/wp\/?s={search_term_string}\"},\"query-input\":\"required name=search_term_string\"}],\"inLanguage\":\"es\"},{\"@type\":\"ImageObject\",\"@id\":\"https:\/\/corpoguajira.gov.co\/wp\/chat-en-linea\/#primaryimage\",\"inLanguage\":\"es\",\"url\":\"https:\/\/www.corpoguajira.gov.co\/wp\/wp-content\/uploads\/2014\/05\/Friendly_Customer_Service.jpg\",\"contentUrl\":\"https:\/\/www.corpoguajira.gov.co\/wp\/wp-content\/uploads\/2014\/05\/Friendly_Customer_Service.jpg\",\"width\":900,\"height\":600},{\"@type\":\"WebPage\",\"@id\":\"https:\/\/corpoguajira.gov.co\/wp\/chat-en-linea\/#webpage\",\"url\":\"https:\/\/corpoguajira.gov.co\/wp\/chat-en-linea\/\",\"name\":\"Chat en l\u00ednea | Corpoguajira\",\"isPartOf\":{\"@id\":\"https:\/\/corpoguajira.gov.co\/wp\/#website\"},\"primaryImageOfPage\":{\"@id\":\"https:\/\/corpoguajira.gov.co\/wp\/chat-en-linea\/#primaryimage\"},\"datePublished\":\"2014-04-20T19:37:08+00:00\",\"dateModified\":\"2014-07-24T16:57:17+00:00\",\"breadcrumb\":{\"@id\":\"https:\/\/corpoguajira.gov.co\/wp\/chat-en-linea\/#breadcrumb\"},\"inLanguage\":\"es\",\"potentialAction\":[{\"@type\":\"ReadAction\",\"target\":[\"https:\/\/corpoguajira.gov.co\/wp\/chat-en-linea\/\"]}]},{\"@type\":\"BreadcrumbList\",\"@id\":\"https:\/\/corpoguajira.gov.co\/wp\/chat-en-linea\/#breadcrumb\",\"itemListElement\":[{\"@type\":\"ListItem\",\"position\":1,\"name\":\"Corpoguajira\",\"item\":\"https:\/\/corpoguajira.gov.co\/wp\/\"},{\"@type\":\"ListItem\",\"position\":2,\"name\":\"Chat en l\u00ednea\"}]}]}<\/script>\n<!-- \/ Yoast SEO plugin. -->","yoast_head_json":{"title":"Chat en l\u00ednea | Corpoguajira","robots":{"index":"index","follow":"follow","max-snippet":"max-snippet:-1","max-image-preview":"max-image-preview:large","max-video-preview":"max-video-preview:-1"},"canonical":"https:\/\/corpoguajira.gov.co\/wp\/chat-en-linea\/","og_locale":"es_ES","og_type":"article","og_title":"Chat en l\u00ednea | Corpoguajira","og_description":"Los botones de Skype y los v\u00ednculos de URI de Skype son formas excelentes para que las personas est\u00e9n en contacto con CORPOGUAJIRA\u00a0a trav\u00e9s de Skype, haciendo clic en un [&hellip;]","og_url":"https:\/\/corpoguajira.gov.co\/wp\/chat-en-linea\/","og_site_name":"Corporaci\u00f3n Aut\u00f3noma Regional de La Guajira","article_modified_time":"2014-07-24T16:57:17+00:00","og_image":[{"width":900,"height":600,"url":"https:\/\/www.corpoguajira.gov.co\/wp\/wp-content\/uploads\/2014\/05\/Friendly_Customer_Service.jpg","type":"image\/jpeg"}],"schema":{"@context":"https:\/\/schema.org","@graph":[{"@type":"WebSite","@id":"https:\/\/corpoguajira.gov.co\/wp\/#website","url":"https:\/\/corpoguajira.gov.co\/wp\/","name":"Corporaci\u00f3n Aut\u00f3noma Regional de La Guajira","description":"La Sostenibilidad Ambiental, un Compromiso de Todos","potentialAction":[{"@type":"SearchAction","target":{"@type":"EntryPoint","urlTemplate":"https:\/\/corpoguajira.gov.co\/wp\/?s={search_term_string}"},"query-input":"required name=search_term_string"}],"inLanguage":"es"},{"@type":"ImageObject","@id":"https:\/\/corpoguajira.gov.co\/wp\/chat-en-linea\/#primaryimage","inLanguage":"es","url":"https:\/\/www.corpoguajira.gov.co\/wp\/wp-content\/uploads\/2014\/05\/Friendly_Customer_Service.jpg","contentUrl":"https:\/\/www.corpoguajira.gov.co\/wp\/wp-content\/uploads\/2014\/05\/Friendly_Customer_Service.jpg","width":900,"height":600},{"@type":"WebPage","@id":"https:\/\/corpoguajira.gov.co\/wp\/chat-en-linea\/#webpage","url":"https:\/\/corpoguajira.gov.co\/wp\/chat-en-linea\/","name":"Chat en l\u00ednea | Corpoguajira","isPartOf":{"@id":"https:\/\/corpoguajira.gov.co\/wp\/#website"},"primaryImageOfPage":{"@id":"https:\/\/corpoguajira.gov.co\/wp\/chat-en-linea\/#primaryimage"},"datePublished":"2014-04-20T19:37:08+00:00","dateModified":"2014-07-24T16:57:17+00:00","breadcrumb":{"@id":"https:\/\/corpoguajira.gov.co\/wp\/chat-en-linea\/#breadcrumb"},"inLanguage":"es","potentialAction":[{"@type":"ReadAction","target":["https:\/\/corpoguajira.gov.co\/wp\/chat-en-linea\/"]}]},{"@type":"BreadcrumbList","@id":"https:\/\/corpoguajira.gov.co\/wp\/chat-en-linea\/#breadcrumb","itemListElement":[{"@type":"ListItem","position":1,"name":"Corpoguajira","item":"https:\/\/corpoguajira.gov.co\/wp\/"},{"@type":"ListItem","position":2,"name":"Chat en l\u00ednea"}]}]}},"_links":{"self":[{"href":"https:\/\/corpoguajira.gov.co\/wp\/wp-json\/wp\/v2\/pages\/1990"}],"collection":[{"href":"https:\/\/corpoguajira.gov.co\/wp\/wp-json\/wp\/v2\/pages"}],"about":[{"href":"https:\/\/corpoguajira.gov.co\/wp\/wp-json\/wp\/v2\/types\/page"}],"author":[{"embeddable":true,"href":"https:\/\/corpoguajira.gov.co\/wp\/wp-json\/wp\/v2\/users\/2"}],"replies":[{"embeddable":true,"href":"https:\/\/corpoguajira.gov.co\/wp\/wp-json\/wp\/v2\/comments?post=1990"}],"version-history":[{"count":2,"href":"https:\/\/corpoguajira.gov.co\/wp\/wp-json\/wp\/v2\/pages\/1990\/revisions"}],"predecessor-version":[{"id":3135,"href":"https:\/\/corpoguajira.gov.co\/wp\/wp-json\/wp\/v2\/pages\/1990\/revisions\/3135"}],"wp:featuredmedia":[{"embeddable":true,"href":"https:\/\/corpoguajira.gov.co\/wp\/wp-json\/wp\/v2\/media\/2928"}],"wp:attachment":[{"href":"https:\/\/corpoguajira.gov.co\/wp\/wp-json\/wp\/v2\/media?parent=1990"}],"curies":[{"name":"wp","href":"https:\/\/api.w.org\/{rel}","templated":true}]}}